{"id":355,"date":"2023-01-24T15:55:18","date_gmt":"2023-01-24T14:55:18","guid":{"rendered":"https:\/\/garciavicentfruits.com\/?page_id=355"},"modified":"2023-03-20T15:50:14","modified_gmt":"2023-03-20T14:50:14","slug":"hostaleria","status":"publish","type":"page","link":"https:\/\/garciavicentfruits.com\/es\/hostaleria\/","title":{"rendered":"Hostaler\u00eda"},"content":{"rendered":"\t\t<div data-elementor-type=\"wp-page\" data-elementor-id=\"355\" class=\"elementor elementor-355\" data-elementor-post-type=\"page\">\n\t\t\t\t\t\t<section class=\"elementor-section elementor-top-section elementor-element elementor-element-3aa62797 elementor-section-height-min-height elementor-section-boxed elementor-section-height-default elementor-section-items-middle\" data-id=\"3aa62797\" data-element_type=\"section\" data-settings=\"{&quot;background_background&quot;:&quot;classic&quot;}\">\n\t\t\t\t\t\t\t<div class=\"elementor-background-overlay\"><\/div>\n\t\t\t\t\t\t\t<div class=\"elementor-container elementor-column-gap-default\">\n\t\t\t\t\t<div class=\"elementor-column elementor-col-100 elementor-top-column elementor-element elementor-element-1edc13b9\" data-id=\"1edc13b9\" data-element_type=\"column\">\n\t\t\t<div class=\"elementor-widget-wrap elementor-element-populated\">\n\t\t\t\t\t\t<div class=\"elementor-element elementor-element-612181f5 elementor-widget elementor-widget-heading\" data-id=\"612181f5\" data-element_type=\"widget\" data-widget_type=\"heading.default\">\n\t\t\t\t<div class=\"elementor-widget-container\">\n\t\t\t<h1 class=\"elementor-heading-title elementor-size-default\">Hostaler\u00eda<\/h1>\t\t<\/div>\n\t\t\t\t<\/div>\n\t\t\t\t\t<\/div>\n\t\t<\/div>\n\t\t\t\t\t<\/div>\n\t\t<\/section>\n\t\t\t\t<section class=\"elementor-section elementor-top-section elementor-element elementor-element-2980acf1 elementor-section-boxed elementor-section-height-default elementor-section-height-default\" data-id=\"2980acf1\" data-element_type=\"section\">\n\t\t\t\t\t\t<div class=\"elementor-container elementor-column-gap-default\">\n\t\t\t\t\t<div class=\"elementor-column elementor-col-50 elementor-top-column elementor-element elementor-element-21f68083\" data-id=\"21f68083\" data-element_type=\"column\">\n\t\t\t<div class=\"elementor-widget-wrap elementor-element-populated\">\n\t\t\t\t\t\t<div class=\"elementor-element elementor-element-105e1598 elementor-widget elementor-widget-heading\" data-id=\"105e1598\" data-element_type=\"widget\" data-widget_type=\"heading.default\">\n\t\t\t\t<div class=\"elementor-widget-container\">\n\t\t\t<h2 class=\"elementor-heading-title elementor-size-default\">Proximidad y calidad<\/h2>\t\t<\/div>\n\t\t\t\t<\/div>\n\t\t\t\t<div class=\"elementor-element elementor-element-7c3b087 elementor-widget elementor-widget-text-editor\" data-id=\"7c3b087\" data-element_type=\"widget\" data-widget_type=\"text-editor.default\">\n\t\t\t\t<div class=\"elementor-widget-container\">\n\t\t\t\t\t\t\t<p class=\"p1\">A GARCIA VICENT tenemos un servicio espec\u00edfico para proveer los clientes de hosteler\u00eda, ya sean bares, restaurantes o\u00a0c\u00e0terings.\u00a0<br \/><br \/>Recibimos pedidos, las preparamos y las llevamos a domicilio.\u00a0<br \/><br \/>Tambi\u00e9n se puede ir a elegir y llevarse el\u00a0 producto directamente de nuestras tiendas.\u00a0<br \/><br \/>Para mayor informaci\u00f3n, os atenderemos al tel\u00e9fono\u00a0 <a href=\"tel:659521418\">659 52 14 18<\/a><br \/><br \/>Con GARCIA VICENT se asegura la calidad y frescura de los ingredientes que entrar\u00e1n a vuestras recetas.<\/p>\t\t\t\t\t\t<\/div>\n\t\t\t\t<\/div>\n\t\t\t\t\t<\/div>\n\t\t<\/div>\n\t\t\t\t<div class=\"elementor-column elementor-col-50 elementor-top-column elementor-element elementor-element-70884215\" data-id=\"70884215\" data-element_type=\"column\">\n\t\t\t<div class=\"elementor-widget-wrap elementor-element-populated\">\n\t\t\t\t\t\t<div class=\"elementor-element elementor-element-65aff3a7 elementor-invisible elementor-widget elementor-widget-image\" data-id=\"65aff3a7\" data-element_type=\"widget\" data-settings=\"{&quot;_animation&quot;:&quot;zoomIn&quot;}\" data-widget_type=\"image.default\">\n\t\t\t\t<div class=\"elementor-widget-container\">\n\t\t\t\t\t\t\t\t\t\t\t\t\t<img fetchpriority=\"high\" decoding=\"async\" width=\"500\" height=\"333\" src=\"https:\/\/garciavicentfruits.com\/wp-content\/uploads\/2023\/01\/productes.jpg\" class=\"attachment-large size-large wp-image-321\" alt=\"\" srcset=\"https:\/\/garciavicentfruits.com\/wp-content\/uploads\/2023\/01\/productes.jpg 500w, https:\/\/garciavicentfruits.com\/wp-content\/uploads\/2023\/01\/productes-300x200.jpg 300w, https:\/\/garciavicentfruits.com\/wp-content\/uploads\/2023\/01\/productes-200x133.jpg 200w\" sizes=\"(max-width: 500px) 100vw, 500px\" \/>\t\t\t\t\t\t\t\t\t\t\t\t\t<\/div>\n\t\t\t\t<\/div>\n\t\t\t\t\t<\/div>\n\t\t<\/div>\n\t\t\t\t\t<\/div>\n\t\t<\/section>\n\t\t\t\t<\/div>\n\t\t","protected":false},"excerpt":{"rendered":"<p>Hostaler\u00eda Proximidad y calidad A GARCIA VICENT tenemos un servicio espec\u00edfico para proveer los clientes de hosteler\u00eda, ya sean bares, restaurantes o\u00a0c\u00e0terings.\u00a0 Recibimos pedidos, las preparamos y las llevamos a domicilio.\u00a0 Tambi\u00e9n se puede ir a elegir y llevarse el\u00a0 producto directamente de nuestras tiendas.\u00a0 Para mayor informaci\u00f3n, os atenderemos al tel\u00e9fono\u00a0 659 52 14 [&hellip;]<\/p>\n","protected":false},"author":3,"featured_media":0,"parent":0,"menu_order":0,"comment_status":"closed","ping_status":"closed","template":"","meta":{"_monsterinsights_skip_tracking":false,"_monsterinsights_sitenote_active":false,"_monsterinsights_sitenote_note":"","_monsterinsights_sitenote_category":0,"ocean_post_layout":"full-screen","ocean_both_sidebars_style":"","ocean_both_sidebars_content_width":0,"ocean_both_sidebars_sidebars_width":0,"ocean_sidebar":"0","ocean_second_sidebar":"0","ocean_disable_margins":"enable","ocean_add_body_class":"","ocean_shortcode_before_top_bar":"","ocean_shortcode_after_top_bar":"","ocean_shortcode_before_header":"","ocean_shortcode_after_header":"","ocean_has_shortcode":"","ocean_shortcode_after_title":"","ocean_shortcode_before_footer_widgets":"","ocean_shortcode_after_footer_widgets":"","ocean_shortcode_before_footer_bottom":"","ocean_shortcode_after_footer_bottom":"","ocean_display_top_bar":"default","ocean_display_header":"default","ocean_header_style":"transparent","ocean_center_header_left_menu":"0","ocean_custom_header_template":"0","ocean_custom_logo":0,"ocean_custom_retina_logo":0,"ocean_custom_logo_max_width":0,"ocean_custom_logo_tablet_max_width":0,"ocean_custom_logo_mobile_max_width":0,"ocean_custom_logo_max_height":0,"ocean_custom_logo_tablet_max_height":0,"ocean_custom_logo_mobile_max_height":0,"ocean_header_custom_menu":"0","ocean_menu_typo_font_family":"0","ocean_menu_typo_font_subset":"","ocean_menu_typo_font_size":0,"ocean_menu_typo_font_size_tablet":0,"ocean_menu_typo_font_size_mobile":0,"ocean_menu_typo_font_size_unit":"px","ocean_menu_typo_font_weight":"","ocean_menu_typo_font_weight_tablet":"","ocean_menu_typo_font_weight_mobile":"","ocean_menu_typo_transform":"","ocean_menu_typo_transform_tablet":"","ocean_menu_typo_transform_mobile":"","ocean_menu_typo_line_height":0,"ocean_menu_typo_line_height_tablet":0,"ocean_menu_typo_line_height_mobile":0,"ocean_menu_typo_line_height_unit":"","ocean_menu_typo_spacing":0,"ocean_menu_typo_spacing_tablet":0,"ocean_menu_typo_spacing_mobile":0,"ocean_menu_typo_spacing_unit":"","ocean_menu_link_color":"","ocean_menu_link_color_hover":"","ocean_menu_link_color_active":"","ocean_menu_link_background":"","ocean_menu_link_hover_background":"","ocean_menu_link_active_background":"","ocean_menu_social_links_bg":"","ocean_menu_social_hover_links_bg":"","ocean_menu_social_links_color":"","ocean_menu_social_hover_links_color":"","ocean_disable_title":"on","ocean_disable_heading":"default","ocean_post_title":"","ocean_post_subheading":"","ocean_post_title_style":"","ocean_post_title_background_color":"","ocean_post_title_background":0,"ocean_post_title_bg_image_position":"","ocean_post_title_bg_image_attachment":"","ocean_post_title_bg_image_repeat":"","ocean_post_title_bg_image_size":"","ocean_post_title_height":0,"ocean_post_title_bg_overlay":0.5,"ocean_post_title_bg_overlay_color":"","ocean_disable_breadcrumbs":"default","ocean_breadcrumbs_color":"","ocean_breadcrumbs_separator_color":"","ocean_breadcrumbs_links_color":"","ocean_breadcrumbs_links_hover_color":"","ocean_display_footer_widgets":"default","ocean_display_footer_bottom":"default","ocean_custom_footer_template":"0","footnotes":""},"yoast_head":"<!-- This site is optimized with the Yoast SEO plugin v22.4 - https:\/\/yoast.com\/wordpress\/plugins\/seo\/ -->\n<title>Hostaler\u00eda - Garcia Vicent Fruits<\/title>\n<meta name=\"robots\" content=\"index, follow, max-snippet:-1, max-image-preview:large, max-video-preview:-1\" \/>\n<link rel=\"canonical\" href=\"https:\/\/garciavicentfruits.com\/es\/hostaleria\/\" \/>\n<meta property=\"og:locale\" content=\"es_ES\" \/>\n<meta property=\"og:type\" content=\"article\" \/>\n<meta property=\"og:title\" content=\"Hostaler\u00eda - Garcia Vicent Fruits\" \/>\n<meta property=\"og:description\" content=\"Hostaler\u00eda Proximidad y calidad A GARCIA VICENT tenemos un servicio espec\u00edfico para proveer los clientes de hosteler\u00eda, ya sean bares, restaurantes o\u00a0c\u00e0terings.\u00a0 Recibimos pedidos, las preparamos y las llevamos a domicilio.\u00a0 Tambi\u00e9n se puede ir a elegir y llevarse el\u00a0 producto directamente de nuestras tiendas.\u00a0 Para mayor informaci\u00f3n, os atenderemos al tel\u00e9fono\u00a0 659 52 14 [&hellip;]\" \/>\n<meta property=\"og:url\" content=\"https:\/\/garciavicentfruits.com\/es\/hostaleria\/\" \/>\n<meta property=\"og:site_name\" content=\"Garcia Vicent Fruits\" \/>\n<meta property=\"article:modified_time\" content=\"2023-03-20T14:50:14+00:00\" \/>\n<meta property=\"og:image\" content=\"https:\/\/garciavicentfruits.com\/wp-content\/uploads\/2023\/01\/productes.jpg\" \/>\n<meta name=\"twitter:card\" content=\"summary_large_image\" \/>\n<meta name=\"twitter:label1\" content=\"Est. reading time\" \/>\n\t<meta name=\"twitter:data1\" content=\"1 minute\" \/>\n<script type=\"application\/ld+json\" class=\"yoast-schema-graph\">{\"@context\":\"https:\/\/schema.org\",\"@graph\":[{\"@type\":\"WebPage\",\"@id\":\"https:\/\/garciavicentfruits.com\/es\/hostaleria\/\",\"url\":\"https:\/\/garciavicentfruits.com\/es\/hostaleria\/\",\"name\":\"Hostaler\u00eda - Garcia Vicent Fruits\",\"isPartOf\":{\"@id\":\"https:\/\/garciavicentfruits.com\/#website\"},\"primaryImageOfPage\":{\"@id\":\"https:\/\/garciavicentfruits.com\/es\/hostaleria\/#primaryimage\"},\"image\":{\"@id\":\"https:\/\/garciavicentfruits.com\/es\/hostaleria\/#primaryimage\"},\"thumbnailUrl\":\"https:\/\/garciavicentfruits.com\/wp-content\/uploads\/2023\/01\/productes.jpg\",\"datePublished\":\"2023-01-24T14:55:18+00:00\",\"dateModified\":\"2023-03-20T14:50:14+00:00\",\"breadcrumb\":{\"@id\":\"https:\/\/garciavicentfruits.com\/es\/hostaleria\/#breadcrumb\"},\"inLanguage\":\"es-ES\",\"potentialAction\":[{\"@type\":\"ReadAction\",\"target\":[\"https:\/\/garciavicentfruits.com\/es\/hostaleria\/\"]}]},{\"@type\":\"ImageObject\",\"inLanguage\":\"es-ES\",\"@id\":\"https:\/\/garciavicentfruits.com\/es\/hostaleria\/#primaryimage\",\"url\":\"https:\/\/garciavicentfruits.com\/wp-content\/uploads\/2023\/01\/productes.jpg\",\"contentUrl\":\"https:\/\/garciavicentfruits.com\/wp-content\/uploads\/2023\/01\/productes.jpg\"},{\"@type\":\"BreadcrumbList\",\"@id\":\"https:\/\/garciavicentfruits.com\/es\/hostaleria\/#breadcrumb\",\"itemListElement\":[{\"@type\":\"ListItem\",\"position\":1,\"name\":\"Inicio\",\"item\":\"https:\/\/garciavicentfruits.com\/es\/\"},{\"@type\":\"ListItem\",\"position\":2,\"name\":\"Hostaler\u00eda\"}]},{\"@type\":\"WebSite\",\"@id\":\"https:\/\/garciavicentfruits.com\/#website\",\"url\":\"https:\/\/garciavicentfruits.com\/\",\"name\":\"Garcia Vicent Fruits\",\"description\":\"Todas las frutas y verduras frescas y productos de proximidad que necesitas en tu compra diaria\",\"publisher\":{\"@id\":\"https:\/\/garciavicentfruits.com\/#organization\"},\"potentialAction\":[{\"@type\":\"SearchAction\",\"target\":{\"@type\":\"EntryPoint\",\"urlTemplate\":\"https:\/\/garciavicentfruits.com\/?s={search_term_string}\"},\"query-input\":\"required name=search_term_string\"}],\"inLanguage\":\"es-ES\"},{\"@type\":\"Organization\",\"@id\":\"https:\/\/garciavicentfruits.com\/#organization\",\"name\":\"Garcia Vicent Fruits\",\"url\":\"https:\/\/garciavicentfruits.com\/\",\"logo\":{\"@type\":\"ImageObject\",\"inLanguage\":\"es-ES\",\"@id\":\"https:\/\/garciavicentfruits.com\/#\/schema\/logo\/image\/\",\"url\":\"https:\/\/garciavicentfruits.com\/wp-content\/uploads\/2023\/03\/cropped-Targeto-Garcia-Vicent_pagespng-1.png\",\"contentUrl\":\"https:\/\/garciavicentfruits.com\/wp-content\/uploads\/2023\/03\/cropped-Targeto-Garcia-Vicent_pagespng-1.png\",\"width\":1512,\"height\":234,\"caption\":\"Garcia Vicent Fruits\"},\"image\":{\"@id\":\"https:\/\/garciavicentfruits.com\/#\/schema\/logo\/image\/\"}}]}<\/script>\n<!-- \/ Yoast SEO plugin. -->","yoast_head_json":{"title":"Hostaler\u00eda - Garcia Vicent Fruits","robots":{"index":"index","follow":"follow","max-snippet":"max-snippet:-1","max-image-preview":"max-image-preview:large","max-video-preview":"max-video-preview:-1"},"canonical":"https:\/\/garciavicentfruits.com\/es\/hostaleria\/","og_locale":"es_ES","og_type":"article","og_title":"Hostaler\u00eda - Garcia Vicent Fruits","og_description":"Hostaler\u00eda Proximidad y calidad A GARCIA VICENT tenemos un servicio espec\u00edfico para proveer los clientes de hosteler\u00eda, ya sean bares, restaurantes o\u00a0c\u00e0terings.\u00a0 Recibimos pedidos, las preparamos y las llevamos a domicilio.\u00a0 Tambi\u00e9n se puede ir a elegir y llevarse el\u00a0 producto directamente de nuestras tiendas.\u00a0 Para mayor informaci\u00f3n, os atenderemos al tel\u00e9fono\u00a0 659 52 14 [&hellip;]","og_url":"https:\/\/garciavicentfruits.com\/es\/hostaleria\/","og_site_name":"Garcia Vicent Fruits","article_modified_time":"2023-03-20T14:50:14+00:00","og_image":[{"url":"https:\/\/garciavicentfruits.com\/wp-content\/uploads\/2023\/01\/productes.jpg"}],"twitter_card":"summary_large_image","twitter_misc":{"Est. reading time":"1 minute"},"schema":{"@context":"https:\/\/schema.org","@graph":[{"@type":"WebPage","@id":"https:\/\/garciavicentfruits.com\/es\/hostaleria\/","url":"https:\/\/garciavicentfruits.com\/es\/hostaleria\/","name":"Hostaler\u00eda - Garcia Vicent Fruits","isPartOf":{"@id":"https:\/\/garciavicentfruits.com\/#website"},"primaryImageOfPage":{"@id":"https:\/\/garciavicentfruits.com\/es\/hostaleria\/#primaryimage"},"image":{"@id":"https:\/\/garciavicentfruits.com\/es\/hostaleria\/#primaryimage"},"thumbnailUrl":"https:\/\/garciavicentfruits.com\/wp-content\/uploads\/2023\/01\/productes.jpg","datePublished":"2023-01-24T14:55:18+00:00","dateModified":"2023-03-20T14:50:14+00:00","breadcrumb":{"@id":"https:\/\/garciavicentfruits.com\/es\/hostaleria\/#breadcrumb"},"inLanguage":"es-ES","potentialAction":[{"@type":"ReadAction","target":["https:\/\/garciavicentfruits.com\/es\/hostaleria\/"]}]},{"@type":"ImageObject","inLanguage":"es-ES","@id":"https:\/\/garciavicentfruits.com\/es\/hostaleria\/#primaryimage","url":"https:\/\/garciavicentfruits.com\/wp-content\/uploads\/2023\/01\/productes.jpg","contentUrl":"https:\/\/garciavicentfruits.com\/wp-content\/uploads\/2023\/01\/productes.jpg"},{"@type":"BreadcrumbList","@id":"https:\/\/garciavicentfruits.com\/es\/hostaleria\/#breadcrumb","itemListElement":[{"@type":"ListItem","position":1,"name":"Inicio","item":"https:\/\/garciavicentfruits.com\/es\/"},{"@type":"ListItem","position":2,"name":"Hostaler\u00eda"}]},{"@type":"WebSite","@id":"https:\/\/garciavicentfruits.com\/#website","url":"https:\/\/garciavicentfruits.com\/","name":"Garcia Vicent Fruits","description":"Todas las frutas y verduras frescas y productos de proximidad que necesitas en tu compra diaria","publisher":{"@id":"https:\/\/garciavicentfruits.com\/#organization"},"potentialAction":[{"@type":"SearchAction","target":{"@type":"EntryPoint","urlTemplate":"https:\/\/garciavicentfruits.com\/?s={search_term_string}"},"query-input":"required name=search_term_string"}],"inLanguage":"es-ES"},{"@type":"Organization","@id":"https:\/\/garciavicentfruits.com\/#organization","name":"Garcia Vicent Fruits","url":"https:\/\/garciavicentfruits.com\/","logo":{"@type":"ImageObject","inLanguage":"es-ES","@id":"https:\/\/garciavicentfruits.com\/#\/schema\/logo\/image\/","url":"https:\/\/garciavicentfruits.com\/wp-content\/uploads\/2023\/03\/cropped-Targeto-Garcia-Vicent_pagespng-1.png","contentUrl":"https:\/\/garciavicentfruits.com\/wp-content\/uploads\/2023\/03\/cropped-Targeto-Garcia-Vicent_pagespng-1.png","width":1512,"height":234,"caption":"Garcia Vicent Fruits"},"image":{"@id":"https:\/\/garciavicentfruits.com\/#\/schema\/logo\/image\/"}}]}},"_links":{"self":[{"href":"https:\/\/garciavicentfruits.com\/es\/wp-json\/wp\/v2\/pages\/355"}],"collection":[{"href":"https:\/\/garciavicentfruits.com\/es\/wp-json\/wp\/v2\/pages"}],"about":[{"href":"https:\/\/garciavicentfruits.com\/es\/wp-json\/wp\/v2\/types\/page"}],"author":[{"embeddable":true,"href":"https:\/\/garciavicentfruits.com\/es\/wp-json\/wp\/v2\/users\/3"}],"replies":[{"embeddable":true,"href":"https:\/\/garciavicentfruits.com\/es\/wp-json\/wp\/v2\/comments?post=355"}],"version-history":[{"count":15,"href":"https:\/\/garciavicentfruits.com\/es\/wp-json\/wp\/v2\/pages\/355\/revisions"}],"predecessor-version":[{"id":703,"href":"https:\/\/garciavicentfruits.com\/es\/wp-json\/wp\/v2\/pages\/355\/revisions\/703"}],"wp:attachment":[{"href":"https:\/\/garciavicentfruits.com\/es\/wp-json\/wp\/v2\/media?parent=355"}],"curies":[{"name":"wp","href":"https:\/\/api.w.org\/{rel}","templated":true}]}}