{"id":65,"date":"2019-04-08T20:35:23","date_gmt":"2019-04-08T18:35:23","guid":{"rendered":"https:\/\/garciavicentfruits.com\/?page_id=65"},"modified":"2023-03-15T09:38:27","modified_gmt":"2023-03-15T08:38:27","slug":"sobre-nosotros","status":"publish","type":"page","link":"https:\/\/garciavicentfruits.com\/es\/sobre-nosotros\/","title":{"rendered":"Sobre nosotros"},"content":{"rendered":"\t\t<div data-elementor-type=\"wp-post\" data-elementor-id=\"65\" class=\"elementor elementor-65\" data-elementor-post-type=\"page\">\n\t\t\t\t\t\t<section class=\"elementor-section elementor-top-section elementor-element elementor-element-7130dd6 elementor-section-height-min-height elementor-section-boxed elementor-section-height-default elementor-section-items-middle\" data-id=\"7130dd6\" data-element_type=\"section\" data-settings=\"{&quot;background_background&quot;:&quot;classic&quot;}\">\n\t\t\t\t\t\t\t<div class=\"elementor-background-overlay\"><\/div>\n\t\t\t\t\t\t\t<div class=\"elementor-container elementor-column-gap-default\">\n\t\t\t\t\t<div class=\"elementor-column elementor-col-100 elementor-top-column elementor-element elementor-element-d209fa7\" data-id=\"d209fa7\" data-element_type=\"column\">\n\t\t\t<div class=\"elementor-widget-wrap elementor-element-populated\">\n\t\t\t\t\t\t<div class=\"elementor-element elementor-element-9d31428 elementor-widget elementor-widget-heading\" data-id=\"9d31428\" data-element_type=\"widget\" data-widget_type=\"heading.default\">\n\t\t\t\t<div class=\"elementor-widget-container\">\n\t\t\t<h1 class=\"elementor-heading-title elementor-size-default\">Sobre nosotros<\/h1>\t\t<\/div>\n\t\t\t\t<\/div>\n\t\t\t\t\t<\/div>\n\t\t<\/div>\n\t\t\t\t\t<\/div>\n\t\t<\/section>\n\t\t\t\t<section class=\"elementor-section elementor-top-section elementor-element elementor-element-422005a elementor-section-full_width elementor-section-height-default elementor-section-height-default\" data-id=\"422005a\" data-element_type=\"section\">\n\t\t\t\t\t\t<div class=\"elementor-container elementor-column-gap-default\">\n\t\t\t\t\t<div class=\"elementor-column elementor-col-50 elementor-top-column elementor-element elementor-element-5948c36\" data-id=\"5948c36\" data-element_type=\"column\" data-settings=\"{&quot;background_background&quot;:&quot;classic&quot;}\">\n\t\t\t<div class=\"elementor-widget-wrap elementor-element-populated\">\n\t\t\t\t\t\t<div class=\"elementor-element elementor-element-18a1db8 elementor-widget elementor-widget-spacer\" data-id=\"18a1db8\" data-element_type=\"widget\" data-widget_type=\"spacer.default\">\n\t\t\t\t<div class=\"elementor-widget-container\">\n\t\t\t\t\t<div class=\"elementor-spacer\">\n\t\t\t<div class=\"elementor-spacer-inner\"><\/div>\n\t\t<\/div>\n\t\t\t\t<\/div>\n\t\t\t\t<\/div>\n\t\t\t\t\t<\/div>\n\t\t<\/div>\n\t\t\t\t<div class=\"elementor-column elementor-col-50 elementor-top-column elementor-element elementor-element-f193efc\" data-id=\"f193efc\" data-element_type=\"column\">\n\t\t\t<div class=\"elementor-widget-wrap elementor-element-populated\">\n\t\t\t\t\t\t<div class=\"elementor-element elementor-element-1a6b7fd elementor-widget elementor-widget-heading\" data-id=\"1a6b7fd\" data-element_type=\"widget\" data-widget_type=\"heading.default\">\n\t\t\t\t<div class=\"elementor-widget-container\">\n\t\t\t<h2 class=\"elementor-heading-title elementor-size-default\">Servicio diario, directo del campo<\/h2>\t\t<\/div>\n\t\t\t\t<\/div>\n\t\t\t\t<div class=\"elementor-element elementor-element-3cd070a elementor-widget elementor-widget-text-editor\" data-id=\"3cd070a\" data-element_type=\"widget\" data-widget_type=\"text-editor.default\">\n\t\t\t\t<div class=\"elementor-widget-container\">\n\t\t\t\t\t\t\tCon la apertura en&nbsp;<strong style=\"color: rgb(35, 35, 35); font-family: Lato; font-size: 16px;\">2012&nbsp;<\/strong><span style=\"font-size: px;\">de nuestra&nbsp;<strong style=\"color: rgb(35, 35, 35); font-family: Lato; font-size: 16px;\">primera tienda&nbsp;<\/strong><span style=\"font-size: px;\">de proximidad Garcia Vicent, en&nbsp;<strong style=\"color: rgb(35, 35, 35); font-family: Lato; font-size: 16px;\">Montblanc&nbsp;<\/strong><span style=\"font-size: px;\">, se pon\u00eda en marcha el sue\u00f1o de comenzar un nuevo modelo de tienda de alimentaci\u00f3n que garantizase las mejores frutas y verduras frescas, llegadas directamente desde los campos de nuestros vecinos.\n\nAunque en nuestros inicios nos centramos en la venta de fruta y verdura, poco a poco hemos ido incorporando una cuidada selecci\u00f3n de productos de alimentaci\u00f3n, tambi\u00e9n locales, como:\u00a0 legumbres cocidas, salaz\u00f3n, pan y una gran selecci\u00f3n de alimentos de proximidad.\n\nLa frescura de nuestros productos est\u00e1 garantizada por el&nbsp;<strong style=\"color: rgb(35, 35, 35); font-family: Lato; font-size: 16px;\">servicio diario, directo del campo&nbsp;<\/strong><span style=\"font-size: px;\">, con el que abastecemos nuestras tiendas. Un servicio que es posible gracias a poder contar con una excelente y variada&nbsp;<strong style=\"color: rgb(35, 35, 35); font-family: Lato; font-size: 16px;\">red de productores locales&nbsp;<\/strong><span style=\"font-size: px;\">a los que compramos directamente, minimizando al m\u00e1ximo la cadena de distribuci\u00f3n, y a los que podemos garantizar un trato comercial m\u00e1s equitativo.\t\t\t\t\t\t<\/div>\n\t\t\t\t<\/div>\n\t\t\t\t\t<\/div>\n\t\t<\/div>\n\t\t\t\t\t<\/div>\n\t\t<\/section>\n\t\t\t\t<section class=\"elementor-section elementor-top-section elementor-element elementor-element-e14ac85 elementor-section-boxed elementor-section-height-default elementor-section-height-default\" data-id=\"e14ac85\" data-element_type=\"section\">\n\t\t\t\t\t\t<div class=\"elementor-container elementor-column-gap-default\">\n\t\t\t\t\t<div class=\"elementor-column elementor-col-33 elementor-top-column elementor-element elementor-element-0ab2bff\" data-id=\"0ab2bff\" data-element_type=\"column\">\n\t\t\t<div class=\"elementor-widget-wrap elementor-element-populated\">\n\t\t\t\t\t\t<div class=\"elementor-element elementor-element-991947e elementor-invisible elementor-widget elementor-widget-icon-box\" data-id=\"991947e\" data-element_type=\"widget\" data-settings=\"{&quot;_animation&quot;:&quot;fadeInLeft&quot;}\" data-widget_type=\"icon-box.default\">\n\t\t\t\t<div class=\"elementor-widget-container\">\n\t\t\t\t\t<div class=\"elementor-icon-box-wrapper\">\n\t\t\t\t\t\t<div class=\"elementor-icon-box-content\">\n\t\t\t\t<h3 class=\"elementor-icon-box-title\">\n\t\t\t\t\t<span  >\n\t\t\t\t\t\tM\u00e1xima frescura y calidad\t\t\t\t\t<\/span>\n\t\t\t\t<\/h3>\n\t\t\t\t\t\t\t\t\t<p class=\"elementor-icon-box-description\">\n\t\t\t\t\t\tNuestras tiendas se han convertido en el&nbsp;<strong style=\"color: rgb(35, 35, 35); font-family: Lato; font-size: 16px;\">lugar de encuentro entre el cliente final y los agricultores\n&nbsp;<\/strong><span style=\"font-size: px;\"> y productores locales, cuyos productos llegan a diario reci\u00e9n recolectados o elaborados. Garantizamos la&nbsp;<strong style=\"color: rgb(35, 35, 35); font-family: Lato; font-size: 16px;\">m\u00e1xima frescura&nbsp;<\/strong><span style=\"font-size: px;\">en nuestros productos.\t\t\t\t\t<\/p>\n\t\t\t\t\t\t\t<\/div>\n\t\t<\/div>\n\t\t\t\t<\/div>\n\t\t\t\t<\/div>\n\t\t\t\t\t<\/div>\n\t\t<\/div>\n\t\t\t\t<div class=\"elementor-column elementor-col-33 elementor-top-column elementor-element elementor-element-80c2463\" data-id=\"80c2463\" data-element_type=\"column\">\n\t\t\t<div class=\"elementor-widget-wrap elementor-element-populated\">\n\t\t\t\t\t\t<div class=\"elementor-element elementor-element-b2ac0d3 elementor-invisible elementor-widget elementor-widget-icon-box\" data-id=\"b2ac0d3\" data-element_type=\"widget\" data-settings=\"{&quot;_animation&quot;:&quot;fadeInUp&quot;}\" data-widget_type=\"icon-box.default\">\n\t\t\t\t<div class=\"elementor-widget-container\">\n\t\t\t\t\t<div class=\"elementor-icon-box-wrapper\">\n\t\t\t\t\t\t<div class=\"elementor-icon-box-content\">\n\t\t\t\t<h3 class=\"elementor-icon-box-title\">\n\t\t\t\t\t<span  >\n\t\t\t\t\t\tServicio personalizado\t\t\t\t\t<\/span>\n\t\t\t\t<\/h3>\n\t\t\t\t\t\t\t\t\t<p class=\"elementor-icon-box-description\">\n\t\t\t\t\t\tEn nuestras tiendas mantenemos intacto el esp\u00edritu de tienda tradicional, nuestro personal conoce perfectamente a nuestros clientes, lo que nos permite  establecer un&nbsp;<strong style=\"color: rgb(255, 255, 255); font-family: Lato; font-size: 16px;\">trato personalizado, cercano y familiar&nbsp;<\/strong><span style=\"font-size: px;\">.\t\t\t\t\t<\/p>\n\t\t\t\t\t\t\t<\/div>\n\t\t<\/div>\n\t\t\t\t<\/div>\n\t\t\t\t<\/div>\n\t\t\t\t\t<\/div>\n\t\t<\/div>\n\t\t\t\t<div class=\"elementor-column elementor-col-33 elementor-top-column elementor-element elementor-element-83a69b8\" data-id=\"83a69b8\" data-element_type=\"column\">\n\t\t\t<div class=\"elementor-widget-wrap elementor-element-populated\">\n\t\t\t\t\t\t<div class=\"elementor-element elementor-element-93f38f6 elementor-invisible elementor-widget elementor-widget-icon-box\" data-id=\"93f38f6\" data-element_type=\"widget\" data-settings=\"{&quot;_animation&quot;:&quot;fadeInRight&quot;}\" data-widget_type=\"icon-box.default\">\n\t\t\t\t<div class=\"elementor-widget-container\">\n\t\t\t\t\t<div class=\"elementor-icon-box-wrapper\">\n\t\t\t\t\t\t<div class=\"elementor-icon-box-content\">\n\t\t\t\t<h3 class=\"elementor-icon-box-title\">\n\t\t\t\t\t<span  >\n\t\t\t\t\t\tLocal y de proximidad\t\t\t\t\t<\/span>\n\t\t\t\t<\/h3>\n\t\t\t\t\t\t\t\t\t<p class=\"elementor-icon-box-description\">\n\t\t\t\t\t\tSomos&nbsp;<strong style=\"color: rgb(255, 255, 255); font-family: Lato; font-size: 16px;\">entusiastas&nbsp;<\/strong><span style=\"font-size: px;\"> de nuestros productos. El&nbsp;<strong style=\"color: rgb(255, 255, 255); font-family: Lato; font-size: 16px;\">contacto diario con los agricultores&nbsp;<\/strong><span style=\"font-size: px;\"> y productores locales nos permite conocerlos personalmente. Sabemos de primera mano el mimo y cuidado que han puesto en la producci\u00f3n y elaboraci\u00f3n. \t\t\t\t\t<\/p>\n\t\t\t\t\t\t\t<\/div>\n\t\t<\/div>\n\t\t\t\t<\/div>\n\t\t\t\t<\/div>\n\t\t\t\t\t<\/div>\n\t\t<\/div>\n\t\t\t\t\t<\/div>\n\t\t<\/section>\n\t\t\t\t<section class=\"elementor-section elementor-top-section elementor-element elementor-element-9edcd7c elementor-section-full_width elementor-section-height-default elementor-section-height-default\" data-id=\"9edcd7c\" data-element_type=\"section\" data-settings=\"{&quot;background_background&quot;:&quot;classic&quot;}\">\n\t\t\t\t\t\t<div class=\"elementor-container elementor-column-gap-default\">\n\t\t\t\t\t<div class=\"elementor-column elementor-col-50 elementor-top-column elementor-element elementor-element-ff2758c\" data-id=\"ff2758c\" data-element_type=\"column\">\n\t\t\t<div class=\"elementor-widget-wrap elementor-element-populated\">\n\t\t\t\t\t\t<div class=\"elementor-element elementor-element-b79a739 elementor-widget elementor-widget-heading\" data-id=\"b79a739\" data-element_type=\"widget\" data-widget_type=\"heading.default\">\n\t\t\t\t<div class=\"elementor-widget-container\">\n\t\t\t<h2 class=\"elementor-heading-title elementor-size-default\">M\u00e1s de 10 a\u00f1os de actividad<\/h2>\t\t<\/div>\n\t\t\t\t<\/div>\n\t\t\t\t<div class=\"elementor-element elementor-element-1e8e42c elementor-widget elementor-widget-text-editor\" data-id=\"1e8e42c\" data-element_type=\"widget\" data-widget_type=\"text-editor.default\">\n\t\t\t\t<div class=\"elementor-widget-container\">\n\t\t\t\t\t\t\t<p class=\"p1\">Garcia Vicent somos tu&nbsp;<strong style=\"color: rgb(35, 35, 35); font-family: Lato; font-size: 16px;\">tienda de proximidad&nbsp;<\/strong><span style=\"font-size: px;\">, donde encontrar\u00e1s todas las frutas y verduras frescas y productos de proximidad que necesitas en tu compra diaria.<\/p>\n<p class=\"p1\">Nuestro firme empe\u00f1o en garantizar la&nbsp;<strong style=\"color: rgb(35, 35, 35); font-family: Lato; font-size: 16px;\">frescura m\u00e1xima&nbsp;<\/strong><span style=\"font-size: px;\">en nuestros productos hace que cada ma\u00f1ana distribuyamos a nuestros puntos de venta un amplio surtido de: fruta dulce, verduras, hortalizas, c\u00edtricos, legumbres cocidas, salaz\u00f3n, pan y alimentos de proximidad.<\/p>\n<p class=\"p1\">La&nbsp;<strong style=\"color: rgb(35, 35, 35); font-family: Lato; font-size: 16px;\">confianza&nbsp;<\/strong><span style=\"font-size: px;\">que los clientes nos han demostrado durante todos estos a\u00f1os nos motiva a seguir mejorando y esforz\u00e1ndonos en conseguir que la experiencia de compra en nuestras tiendas sea extraordinaria.<\/p>\n<p class=\"p1\">Adem\u00e1s de por la calidad y confianza en nuestros productos, nuestros clientes nos eligen por nuestro&nbsp;<strong style=\"color: rgb(35, 35, 35); font-family: Lato; font-size: 16px;\">asesoramiento&nbsp;<\/strong><span style=\"font-size: px;\">sobre los&nbsp;<strong style=\"color: rgb(35, 35, 35); font-family: Lato; font-size: 16px;\">productos de temporada&nbsp;<\/strong><span style=\"font-size: px;\">con los que trabajamos.<\/p>\n<p class=\"p1\">Gracias a este &nbsp;<strong style=\"color: rgb(35, 35, 35); font-family: Lato; font-size: 16px;\">contacto cercano con clientes&nbsp;<\/strong><span style=\"font-size: px;\">y proveedores, que comparten con nosotros sus gustos, preferencias y descubrimientos, en Garcia Vicent podemos seguir ampliando y actualizando constantemente nuestro surtido de productos.<\/p>\t\t\t\t\t\t<\/div>\n\t\t\t\t<\/div>\n\t\t\t\t\t<\/div>\n\t\t<\/div>\n\t\t\t\t<div class=\"elementor-column elementor-col-50 elementor-top-column elementor-element elementor-element-59b8d74\" data-id=\"59b8d74\" data-element_type=\"column\" data-settings=\"{&quot;background_background&quot;:&quot;classic&quot;}\">\n\t\t\t<div class=\"elementor-widget-wrap elementor-element-populated\">\n\t\t\t\t\t\t<div class=\"elementor-element elementor-element-a517ae6 elementor-widget elementor-widget-spacer\" data-id=\"a517ae6\" data-element_type=\"widget\" data-widget_type=\"spacer.default\">\n\t\t\t\t<div class=\"elementor-widget-container\">\n\t\t\t\t\t<div class=\"elementor-spacer\">\n\t\t\t<div class=\"elementor-spacer-inner\"><\/div>\n\t\t<\/div>\n\t\t\t\t<\/div>\n\t\t\t\t<\/div>\n\t\t\t\t\t<\/div>\n\t\t<\/div>\n\t\t\t\t\t<\/div>\n\t\t<\/section>\n\t\t\t\t<\/div>\n\t\t","protected":false},"excerpt":{"rendered":"<p>Sobre nosotros Servicio diario, directo del campo Con la apertura en&nbsp;2012&nbsp;de nuestra&nbsp;primera tienda&nbsp;de proximidad Garcia Vicent, en&nbsp;Montblanc&nbsp;, se pon\u00eda en marcha el sue\u00f1o de comenzar un nuevo modelo de tienda de alimentaci\u00f3n que garantizase las mejores frutas y verduras frescas, llegadas directamente desde los campos de nuestros vecinos. Aunque en nuestros inicios nos centramos en [&hellip;]<\/p>\n","protected":false},"author":1,"featured_media":0,"parent":0,"menu_order":0,"comment_status":"closed","ping_status":"closed","template":"","meta":{"_monsterinsights_skip_tracking":false,"_monsterinsights_sitenote_active":false,"_monsterinsights_sitenote_note":"","_monsterinsights_sitenote_category":0,"ocean_post_layout":"full-screen","ocean_both_sidebars_style":"","ocean_both_sidebars_content_width":0,"ocean_both_sidebars_sidebars_width":0,"ocean_sidebar":"0","ocean_second_sidebar":"0","ocean_disable_margins":"enable","ocean_add_body_class":"","ocean_shortcode_before_top_bar":"","ocean_shortcode_after_top_bar":"","ocean_shortcode_before_header":"","ocean_shortcode_after_header":"","ocean_has_shortcode":"","ocean_shortcode_after_title":"","ocean_shortcode_before_footer_widgets":"","ocean_shortcode_after_footer_widgets":"","ocean_shortcode_before_footer_bottom":"","ocean_shortcode_after_footer_bottom":"","ocean_display_top_bar":"default","ocean_display_header":"default","ocean_header_style":"transparent","ocean_center_header_left_menu":"0","ocean_custom_header_template":"0","ocean_custom_logo":0,"ocean_custom_retina_logo":0,"ocean_custom_logo_max_width":0,"ocean_custom_logo_tablet_max_width":0,"ocean_custom_logo_mobile_max_width":0,"ocean_custom_logo_max_height":0,"ocean_custom_logo_tablet_max_height":0,"ocean_custom_logo_mobile_max_height":0,"ocean_header_custom_menu":"0","ocean_menu_typo_font_family":"0","ocean_menu_typo_font_subset":"","ocean_menu_typo_font_size":0,"ocean_menu_typo_font_size_tablet":0,"ocean_menu_typo_font_size_mobile":0,"ocean_menu_typo_font_size_unit":"px","ocean_menu_typo_font_weight":"","ocean_menu_typo_font_weight_tablet":"","ocean_menu_typo_font_weight_mobile":"","ocean_menu_typo_transform":"","ocean_menu_typo_transform_tablet":"","ocean_menu_typo_transform_mobile":"","ocean_menu_typo_line_height":0,"ocean_menu_typo_line_height_tablet":0,"ocean_menu_typo_line_height_mobile":0,"ocean_menu_typo_line_height_unit":"","ocean_menu_typo_spacing":0,"ocean_menu_typo_spacing_tablet":0,"ocean_menu_typo_spacing_mobile":0,"ocean_menu_typo_spacing_unit":"","ocean_menu_link_color":"","ocean_menu_link_color_hover":"","ocean_menu_link_color_active":"","ocean_menu_link_background":"","ocean_menu_link_hover_background":"","ocean_menu_link_active_background":"","ocean_menu_social_links_bg":"","ocean_menu_social_hover_links_bg":"","ocean_menu_social_links_color":"","ocean_menu_social_hover_links_color":"","ocean_disable_title":"on","ocean_disable_heading":"default","ocean_post_title":"","ocean_post_subheading":"","ocean_post_title_style":"","ocean_post_title_background_color":"","ocean_post_title_background":0,"ocean_post_title_bg_image_position":"","ocean_post_title_bg_image_attachment":"","ocean_post_title_bg_image_repeat":"","ocean_post_title_bg_image_size":"","ocean_post_title_height":0,"ocean_post_title_bg_overlay":0.5,"ocean_post_title_bg_overlay_color":"","ocean_disable_breadcrumbs":"default","ocean_breadcrumbs_color":"","ocean_breadcrumbs_separator_color":"","ocean_breadcrumbs_links_color":"","ocean_breadcrumbs_links_hover_color":"","ocean_display_footer_widgets":"default","ocean_display_footer_bottom":"default","ocean_custom_footer_template":"0","footnotes":""},"yoast_head":"<!-- This site is optimized with the Yoast SEO plugin v22.4 - https:\/\/yoast.com\/wordpress\/plugins\/seo\/ -->\n<title>Sobre nosotros - Garcia Vicent Fruits<\/title>\n<meta name=\"robots\" content=\"index, follow, max-snippet:-1, max-image-preview:large, max-video-preview:-1\" \/>\n<link rel=\"canonical\" href=\"https:\/\/garciavicentfruits.com\/es\/sobre-nosotros\/\" \/>\n<meta property=\"og:locale\" content=\"es_ES\" \/>\n<meta property=\"og:type\" content=\"article\" \/>\n<meta property=\"og:title\" content=\"Sobre nosotros - Garcia Vicent Fruits\" \/>\n<meta property=\"og:description\" content=\"Sobre nosotros Servicio diario, directo del campo Con la apertura en&nbsp;2012&nbsp;de nuestra&nbsp;primera tienda&nbsp;de proximidad Garcia Vicent, en&nbsp;Montblanc&nbsp;, se pon\u00eda en marcha el sue\u00f1o de comenzar un nuevo modelo de tienda de alimentaci\u00f3n que garantizase las mejores frutas y verduras frescas, llegadas directamente desde los campos de nuestros vecinos. Aunque en nuestros inicios nos centramos en [&hellip;]\" \/>\n<meta property=\"og:url\" content=\"https:\/\/garciavicentfruits.com\/es\/sobre-nosotros\/\" \/>\n<meta property=\"og:site_name\" content=\"Garcia Vicent Fruits\" \/>\n<meta property=\"article:modified_time\" content=\"2023-03-15T08:38:27+00:00\" \/>\n<meta name=\"twitter:card\" content=\"summary_large_image\" \/>\n<meta name=\"twitter:label1\" content=\"Est. reading time\" \/>\n\t<meta name=\"twitter:data1\" content=\"2 minutes\" \/>\n<script type=\"application\/ld+json\" class=\"yoast-schema-graph\">{\"@context\":\"https:\/\/schema.org\",\"@graph\":[{\"@type\":\"WebPage\",\"@id\":\"https:\/\/garciavicentfruits.com\/es\/sobre-nosotros\/\",\"url\":\"https:\/\/garciavicentfruits.com\/es\/sobre-nosotros\/\",\"name\":\"Sobre nosotros - Garcia Vicent Fruits\",\"isPartOf\":{\"@id\":\"https:\/\/garciavicentfruits.com\/#website\"},\"datePublished\":\"2019-04-08T18:35:23+00:00\",\"dateModified\":\"2023-03-15T08:38:27+00:00\",\"breadcrumb\":{\"@id\":\"https:\/\/garciavicentfruits.com\/es\/sobre-nosotros\/#breadcrumb\"},\"inLanguage\":\"es-ES\",\"potentialAction\":[{\"@type\":\"ReadAction\",\"target\":[\"https:\/\/garciavicentfruits.com\/es\/sobre-nosotros\/\"]}]},{\"@type\":\"BreadcrumbList\",\"@id\":\"https:\/\/garciavicentfruits.com\/es\/sobre-nosotros\/#breadcrumb\",\"itemListElement\":[{\"@type\":\"ListItem\",\"position\":1,\"name\":\"Inicio\",\"item\":\"https:\/\/garciavicentfruits.com\/es\/\"},{\"@type\":\"ListItem\",\"position\":2,\"name\":\"Sobre nosotros\"}]},{\"@type\":\"WebSite\",\"@id\":\"https:\/\/garciavicentfruits.com\/#website\",\"url\":\"https:\/\/garciavicentfruits.com\/\",\"name\":\"Garcia Vicent Fruits\",\"description\":\"Todas las frutas y verduras frescas y productos de proximidad que necesitas en tu compra diaria\",\"publisher\":{\"@id\":\"https:\/\/garciavicentfruits.com\/#organization\"},\"potentialAction\":[{\"@type\":\"SearchAction\",\"target\":{\"@type\":\"EntryPoint\",\"urlTemplate\":\"https:\/\/garciavicentfruits.com\/?s={search_term_string}\"},\"query-input\":\"required name=search_term_string\"}],\"inLanguage\":\"es-ES\"},{\"@type\":\"Organization\",\"@id\":\"https:\/\/garciavicentfruits.com\/#organization\",\"name\":\"Garcia Vicent Fruits\",\"url\":\"https:\/\/garciavicentfruits.com\/\",\"logo\":{\"@type\":\"ImageObject\",\"inLanguage\":\"es-ES\",\"@id\":\"https:\/\/garciavicentfruits.com\/#\/schema\/logo\/image\/\",\"url\":\"https:\/\/garciavicentfruits.com\/wp-content\/uploads\/2023\/03\/cropped-Targeto-Garcia-Vicent_pagespng-1.png\",\"contentUrl\":\"https:\/\/garciavicentfruits.com\/wp-content\/uploads\/2023\/03\/cropped-Targeto-Garcia-Vicent_pagespng-1.png\",\"width\":1512,\"height\":234,\"caption\":\"Garcia Vicent Fruits\"},\"image\":{\"@id\":\"https:\/\/garciavicentfruits.com\/#\/schema\/logo\/image\/\"}}]}<\/script>\n<!-- \/ Yoast SEO plugin. -->","yoast_head_json":{"title":"Sobre nosotros - Garcia Vicent Fruits","robots":{"index":"index","follow":"follow","max-snippet":"max-snippet:-1","max-image-preview":"max-image-preview:large","max-video-preview":"max-video-preview:-1"},"canonical":"https:\/\/garciavicentfruits.com\/es\/sobre-nosotros\/","og_locale":"es_ES","og_type":"article","og_title":"Sobre nosotros - Garcia Vicent Fruits","og_description":"Sobre nosotros Servicio diario, directo del campo Con la apertura en&nbsp;2012&nbsp;de nuestra&nbsp;primera tienda&nbsp;de proximidad Garcia Vicent, en&nbsp;Montblanc&nbsp;, se pon\u00eda en marcha el sue\u00f1o de comenzar un nuevo modelo de tienda de alimentaci\u00f3n que garantizase las mejores frutas y verduras frescas, llegadas directamente desde los campos de nuestros vecinos. Aunque en nuestros inicios nos centramos en [&hellip;]","og_url":"https:\/\/garciavicentfruits.com\/es\/sobre-nosotros\/","og_site_name":"Garcia Vicent Fruits","article_modified_time":"2023-03-15T08:38:27+00:00","twitter_card":"summary_large_image","twitter_misc":{"Est. reading time":"2 minutes"},"schema":{"@context":"https:\/\/schema.org","@graph":[{"@type":"WebPage","@id":"https:\/\/garciavicentfruits.com\/es\/sobre-nosotros\/","url":"https:\/\/garciavicentfruits.com\/es\/sobre-nosotros\/","name":"Sobre nosotros - Garcia Vicent Fruits","isPartOf":{"@id":"https:\/\/garciavicentfruits.com\/#website"},"datePublished":"2019-04-08T18:35:23+00:00","dateModified":"2023-03-15T08:38:27+00:00","breadcrumb":{"@id":"https:\/\/garciavicentfruits.com\/es\/sobre-nosotros\/#breadcrumb"},"inLanguage":"es-ES","potentialAction":[{"@type":"ReadAction","target":["https:\/\/garciavicentfruits.com\/es\/sobre-nosotros\/"]}]},{"@type":"BreadcrumbList","@id":"https:\/\/garciavicentfruits.com\/es\/sobre-nosotros\/#breadcrumb","itemListElement":[{"@type":"ListItem","position":1,"name":"Inicio","item":"https:\/\/garciavicentfruits.com\/es\/"},{"@type":"ListItem","position":2,"name":"Sobre nosotros"}]},{"@type":"WebSite","@id":"https:\/\/garciavicentfruits.com\/#website","url":"https:\/\/garciavicentfruits.com\/","name":"Garcia Vicent Fruits","description":"Todas las frutas y verduras frescas y productos de proximidad que necesitas en tu compra diaria","publisher":{"@id":"https:\/\/garciavicentfruits.com\/#organization"},"potentialAction":[{"@type":"SearchAction","target":{"@type":"EntryPoint","urlTemplate":"https:\/\/garciavicentfruits.com\/?s={search_term_string}"},"query-input":"required name=search_term_string"}],"inLanguage":"es-ES"},{"@type":"Organization","@id":"https:\/\/garciavicentfruits.com\/#organization","name":"Garcia Vicent Fruits","url":"https:\/\/garciavicentfruits.com\/","logo":{"@type":"ImageObject","inLanguage":"es-ES","@id":"https:\/\/garciavicentfruits.com\/#\/schema\/logo\/image\/","url":"https:\/\/garciavicentfruits.com\/wp-content\/uploads\/2023\/03\/cropped-Targeto-Garcia-Vicent_pagespng-1.png","contentUrl":"https:\/\/garciavicentfruits.com\/wp-content\/uploads\/2023\/03\/cropped-Targeto-Garcia-Vicent_pagespng-1.png","width":1512,"height":234,"caption":"Garcia Vicent Fruits"},"image":{"@id":"https:\/\/garciavicentfruits.com\/#\/schema\/logo\/image\/"}}]}},"_links":{"self":[{"href":"https:\/\/garciavicentfruits.com\/es\/wp-json\/wp\/v2\/pages\/65"}],"collection":[{"href":"https:\/\/garciavicentfruits.com\/es\/wp-json\/wp\/v2\/pages"}],"about":[{"href":"https:\/\/garciavicentfruits.com\/es\/wp-json\/wp\/v2\/types\/page"}],"author":[{"embeddable":true,"href":"https:\/\/garciavicentfruits.com\/es\/wp-json\/wp\/v2\/users\/1"}],"replies":[{"embeddable":true,"href":"https:\/\/garciavicentfruits.com\/es\/wp-json\/wp\/v2\/comments?post=65"}],"version-history":[{"count":22,"href":"https:\/\/garciavicentfruits.com\/es\/wp-json\/wp\/v2\/pages\/65\/revisions"}],"predecessor-version":[{"id":695,"href":"https:\/\/garciavicentfruits.com\/es\/wp-json\/wp\/v2\/pages\/65\/revisions\/695"}],"wp:attachment":[{"href":"https:\/\/garciavicentfruits.com\/es\/wp-json\/wp\/v2\/media?parent=65"}],"curies":[{"name":"wp","href":"https:\/\/api.w.org\/{rel}","templated":true}]}}